{"id":22,"date":"2025-08-24T20:43:42","date_gmt":"2025-08-24T20:43:42","guid":{"rendered":"https:\/\/www.bernabauer.com\/blog\/about\/"},"modified":"2025-10-25T17:53:59","modified_gmt":"2025-10-25T20:53:59","slug":"sobre","status":"publish","type":"page","link":"https:\/\/www.bernabauer.com\/blog\/sobre\/","title":{"rendered":"Sobre"},"content":{"rendered":"\n<div id=\"about\" class=\"wp-block-group has-background-background-color has-background\" style=\"margin-top:0;margin-bottom:0;padding-top:var(--wp--preset--spacing--60);padding-right:var(--wp--preset--spacing--30);padding-bottom:var(--wp--preset--spacing--60);padding-left:var(--wp--preset--spacing--30)\"><div class=\"wp-block-group__inner-container is-layout-constrained wp-container-core-group-is-layout-392eb801 wp-block-group-is-layout-constrained\">\n<div class=\"wp-block-columns alignwide is-layout-flex wp-container-core-columns-is-layout-30f78326 wp-block-columns-is-layout-flex\">\n<div class=\"wp-block-column is-layout-flow wp-block-column-is-layout-flow\" style=\"flex-basis:60%\">\n<h2 class=\"wp-block-heading\">Um apanhado de descobertas e curiosidades<\/h2>\n\n\n\n<p class=\"has-medium-font-size\" style=\"margin-top:16px\">O BernaBauer.com nasceu em 2002 com a miss\u00e3o de trazer as \u00faltimas novidades do mundo da tecnologia. Com o passar dos anos, expandiu seu conte\u00fado para abranger tamb\u00e9m o universo automotivo. Hoje, \u00e9 um blog pessoal que re\u00fane descobertas, curiosidades e aprendizados que o autor julga importantes para registrar e compartilhar.<\/p>\n\n\n\n<div class=\"wp-block-buttons is-content-justification-left is-layout-flex wp-container-core-buttons-is-layout-fdcfc74e wp-block-buttons-is-layout-flex\">\n<div class=\"wp-block-button is-style-outline is-style-outline--1\"><a class=\"wp-block-button__link wp-element-button\" href=\"https:\/\/www.bernabauer.com\/blog\/\">Descubra o conte\u00fado<\/a><\/div>\n<\/div>\n<\/div>\n\n\n\n<div class=\"wp-block-column is-vertically-aligned-top is-layout-flow wp-block-column-is-layout-flow\" style=\"flex-basis:50%\">\n<figure class=\"wp-block-image size-large has-custom-border\"><img loading=\"lazy\" decoding=\"async\" width=\"1024\" height=\"683\" src=\"https:\/\/www.bernabauer.com\/blog\/wp-content\/uploads\/2025\/10\/Designer-1024x683.jpg\" alt=\"Grupo de pessoas reunidas, olhando para um notebook e celulares, simbolizando colabora\u00e7\u00e3o, tecnologia e troca de ideias.\" class=\"wp-image-50\" style=\"border-radius:1.5rem;aspect-ratio:1;object-fit:cover\" srcset=\"https:\/\/www.bernabauer.com\/blog\/wp-content\/uploads\/2025\/10\/Designer-1024x683.jpg 1024w, https:\/\/www.bernabauer.com\/blog\/wp-content\/uploads\/2025\/10\/Designer-300x200.jpg 300w, https:\/\/www.bernabauer.com\/blog\/wp-content\/uploads\/2025\/10\/Designer-768x512.jpg 768w, https:\/\/www.bernabauer.com\/blog\/wp-content\/uploads\/2025\/10\/Designer.jpg 1536w\" sizes=\"auto, (max-width: 1024px) 100vw, 1024px\" \/><figcaption class=\"wp-element-caption\">Colabora\u00e7\u00e3o e inova\u00e7\u00e3o em foco \u2013 explorando juntos novas ideias no BernaBauer.com.<\/figcaption><\/figure>\n<\/div>\n<\/div>\n<\/div><\/div>\n","protected":false},"excerpt":{"rendered":"<p>Um apanhado de descobertas e curiosidades O BernaBauer.com nasceu em 2002 com a miss\u00e3o de trazer as \u00faltimas novidades do mundo da tecnologia. Com o passar dos anos, expandiu seu conte\u00fado para abranger tamb\u00e9m o universo automotivo. Hoje, \u00e9 um blog pessoal que re\u00fane descobertas, curiosidades e aprendizados que o autor julga importantes para registrar&#8230;<\/p>\n","protected":false},"author":1,"featured_media":0,"parent":0,"menu_order":0,"comment_status":"closed","ping_status":"closed","template":"page-with-title","meta":{"_kad_post_transparent":"","_kad_post_title":"","_kad_post_layout":"","_kad_post_sidebar_id":"","_kad_post_content_style":"","_kad_post_vertical_padding":"","_kad_post_feature":"","_kad_post_feature_position":"","_kad_post_header":false,"_kad_post_footer":false,"_kad_post_classname":"","footnotes":""},"class_list":["post-22","page","type-page","status-publish","hentry"],"jetpack_sharing_enabled":true,"_links":{"self":[{"href":"https:\/\/www.bernabauer.com\/blog\/wp-json\/wp\/v2\/pages\/22","targetHints":{"allow":["GET"]}}],"collection":[{"href":"https:\/\/www.bernabauer.com\/blog\/wp-json\/wp\/v2\/pages"}],"about":[{"href":"https:\/\/www.bernabauer.com\/blog\/wp-json\/wp\/v2\/types\/page"}],"author":[{"embeddable":true,"href":"https:\/\/www.bernabauer.com\/blog\/wp-json\/wp\/v2\/users\/1"}],"replies":[{"embeddable":true,"href":"https:\/\/www.bernabauer.com\/blog\/wp-json\/wp\/v2\/comments?post=22"}],"version-history":[{"count":5,"href":"https:\/\/www.bernabauer.com\/blog\/wp-json\/wp\/v2\/pages\/22\/revisions"}],"predecessor-version":[{"id":130,"href":"https:\/\/www.bernabauer.com\/blog\/wp-json\/wp\/v2\/pages\/22\/revisions\/130"}],"wp:attachment":[{"href":"https:\/\/www.bernabauer.com\/blog\/wp-json\/wp\/v2\/media?parent=22"}],"curies":[{"name":"wp","href":"https:\/\/api.w.org\/{rel}","templated":true}]}}